{"id":3,"date":"2025-08-27T09:07:15","date_gmt":"2025-08-27T09:07:15","guid":{"rendered":"http:\/\/localhost\/bermatier\/?page_id=3"},"modified":"2025-09-12T15:31:31","modified_gmt":"2025-09-12T14:31:31","slug":"politica-de-privacidad","status":"publish","type":"page","link":"https:\/\/grupobermatier.es\/en\/politica-de-privacidad\/","title":{"rendered":"Privacy Policy"},"content":{"rendered":"<div data-elementor-type=\"wp-page\" data-elementor-id=\"3\" class=\"elementor elementor-3\" data-elementor-post-type=\"page\">\n\t\t\t\t<div class=\"elementor-element elementor-element-9c1aef9 e-con-full e-flex elementor-invisible e-con e-parent\" data-id=\"9c1aef9\" data-element_type=\"container\" id=\"back-to-top\" data-settings=\"{&quot;background_background&quot;:&quot;classic&quot;,&quot;animation&quot;:&quot;fadeIn&quot;}\">\n\t\t\t\t<\/div>\n\t\t<div class=\"elementor-element elementor-element-90b32e1 e-flex e-con-boxed e-con e-parent\" data-id=\"90b32e1\" data-element_type=\"container\">\n\t\t\t\t\t<div class=\"e-con-inner\">\n\t\t\t\t<div class=\"elementor-element elementor-element-30cef1e elementor-widget elementor-widget-spacer\" data-id=\"30cef1e\" data-element_type=\"widget\" data-widget_type=\"spacer.default\">\n\t\t\t\t\t\t\t<div class=\"elementor-spacer\">\n\t\t\t<div class=\"elementor-spacer-inner\"><\/div>\n\t\t<\/div>\n\t\t\t\t\t\t<\/div>\n\t\t\t\t<div class=\"elementor-element elementor-element-98469fa elementor-widget elementor-widget-heading\" data-id=\"98469fa\" data-element_type=\"widget\" data-widget_type=\"heading.default\">\n\t\t\t\t\t<h1 class=\"elementor-heading-title elementor-size-default\">POL\u00cdTICA DE PRIVACIDAD<\/h1>\t\t\t\t<\/div>\n\t\t\t\t<div class=\"elementor-element elementor-element-390d264 elementor-widget elementor-widget-spacer\" data-id=\"390d264\" data-element_type=\"widget\" data-widget_type=\"spacer.default\">\n\t\t\t\t\t\t\t<div class=\"elementor-spacer\">\n\t\t\t<div class=\"elementor-spacer-inner\"><\/div>\n\t\t<\/div>\n\t\t\t\t\t\t<\/div>\n\t\t\t\t\t<\/div>\n\t\t\t\t<\/div>\n\t\t<div class=\"elementor-element elementor-element-b11ade8 e-flex e-con-boxed e-con e-parent\" data-id=\"b11ade8\" data-element_type=\"container\">\n\t\t\t\t\t<div class=\"e-con-inner\">\n\t\t\t\t<div class=\"elementor-element elementor-element-50c98f3 elementor-widget elementor-widget-heading\" data-id=\"50c98f3\" data-element_type=\"widget\" data-widget_type=\"heading.default\">\n\t\t\t\t\t<h2 class=\"elementor-heading-title elementor-size-default\">1. RESPONSABLES DEL TRATAMIENTO<\/h2>\t\t\t\t<\/div>\n\t\t\t\t<div class=\"elementor-element elementor-element-9f6a4cf elementor-widget elementor-widget-text-editor\" data-id=\"9f6a4cf\" data-element_type=\"widget\" data-widget_type=\"text-editor.default\">\n\t\t\t\t\t\t\t\t\t<p>Somos responsables del tratamiento ya que tratamos los datos personales de nuestros clientes y socios. A continuaci\u00f3n encontrar\u00e1 nuestra informaci\u00f3n de contacto.<\/p>\n<p>BERMATIER GESTI\u00d3N, S.L. Pasaje Maestros Ladrilleros, n.\u00ba 1, 28039, Madrid<\/p>\n<p>N\u00famero de identificaci\u00f3n comercial: B88311790<\/p>\n<p>Si tiene preguntas sobre el tratamiento de sus datos, puede contactarnos a trav\u00e9s de [email address].<\/p>\t\t\t\t\t\t\t\t<\/div>\n\t\t\t\t\t<\/div>\n\t\t\t\t<\/div>\n\t\t<div class=\"elementor-element elementor-element-f26002b e-flex e-con-boxed e-con e-parent\" data-id=\"f26002b\" data-element_type=\"container\">\n\t\t\t\t\t<div class=\"e-con-inner\">\n\t\t\t\t<div class=\"elementor-element elementor-element-86ba04f elementor-widget elementor-widget-heading\" data-id=\"86ba04f\" data-element_type=\"widget\" data-widget_type=\"heading.default\">\n\t\t\t\t\t<h2 class=\"elementor-heading-title elementor-size-default\">2. TRATAMIENTO DE DATOS PERSONALES<\/h2>\t\t\t\t<\/div>\n\t\t\t\t<div class=\"elementor-element elementor-element-05c0542 elementor-widget elementor-widget-heading\" data-id=\"05c0542\" data-element_type=\"widget\" data-widget_type=\"heading.default\">\n\t\t\t\t\t<h3 class=\"elementor-heading-title elementor-size-default\">VISITANTES EL SITIO WEB<\/h3>\t\t\t\t<\/div>\n\t\t\t\t<div class=\"elementor-element elementor-element-73b39a0 elementor-widget elementor-widget-text-editor\" data-id=\"73b39a0\" data-element_type=\"widget\" data-widget_type=\"text-editor.default\">\n\t\t\t\t\t\t\t\t\t<p>Cuando visita nuestro sitio web, utilizamos cookies para que el sitio web funcione, sobre lo que puede leer m\u00e1s en nuestra pol\u00edtica de cookies.<\/p>\t\t\t\t\t\t\t\t<\/div>\n\t\t\t\t<div class=\"elementor-element elementor-element-7da4fdd elementor-widget elementor-widget-heading\" data-id=\"7da4fdd\" data-element_type=\"widget\" data-widget_type=\"heading.default\">\n\t\t\t\t\t<h3 class=\"elementor-heading-title elementor-size-default\">COMUNICACI\u00d3N CON POTENCIALES CLIENTES<\/h3>\t\t\t\t<\/div>\n\t\t\t\t<div class=\"elementor-element elementor-element-453dc87 elementor-widget elementor-widget-text-editor\" data-id=\"453dc87\" data-element_type=\"widget\" data-widget_type=\"text-editor.default\">\n\t\t\t\t\t\t\t\t\t<p>Cuando tenga preguntas sobre nuestro sitio web o desee obtener m\u00e1s informaci\u00f3n sobre nuestros servicios, puede contactarnos a trav\u00e9s de:<\/p>\n<ul>\n<li>Formulario de contacto<\/li>\n<li>Correo electr\u00f3nico<\/li>\n<li>N\u00famero de identificaci\u00f3n comercial: B88311790<\/li>\n<\/ul>\n<p>\u00a0<\/p>\n<p>Con estos medios, trataremos su informaci\u00f3n personal para entablar un di\u00e1logo con usted, por ejemplo, responder preguntas sobre nuestros servicios. Solo tratamos la informaci\u00f3n que nos proporciona en relaci\u00f3n con nuestra comunicaci\u00f3n. Por lo general, trataremos la siguiente informaci\u00f3n general: nombre, correo electr\u00f3nico y n\u00famero de tel\u00e9fono.<\/p>\n<p>Nuestra base legal para tratar estos datos personales es el art\u00edculo 6 (1) (f) del RGPD.<\/p>\n<p>Eliminaremos nuestra comunicaci\u00f3n con usted cuando est\u00e9 claro si desea utilizar nuestros servicios o no. Si existiera la necesidad en un caso particular de almacenar su informaci\u00f3n personal por un per\u00edodo m\u00e1s prolongado, este podr\u00eda ser el caso.<\/p>\t\t\t\t\t\t\t\t<\/div>\n\t\t\t\t<div class=\"elementor-element elementor-element-1d889f7 elementor-widget elementor-widget-heading\" data-id=\"1d889f7\" data-element_type=\"widget\" data-widget_type=\"heading.default\">\n\t\t\t\t\t<h3 class=\"elementor-heading-title elementor-size-default\">CLIENTES<\/h3>\t\t\t\t<\/div>\n\t\t\t\t<div class=\"elementor-element elementor-element-88882d7 elementor-widget elementor-widget-text-editor\" data-id=\"88882d7\" data-element_type=\"widget\" data-widget_type=\"text-editor.default\">\n\t\t\t\t\t\t\t\t\t<p>Nos comunicamos con nuestros clientes para garantizar que nuestros servicios se entreguen correctamente. Podemos tratar informaci\u00f3n sobre nombre, direcci\u00f3n, servicios, acuerdos especiales, informaci\u00f3n de pago, etc. La base legal para tratar estos datos personales es el Art\u00edculo 6(1)(b) del Reglamento General de Protecci\u00f3n de Datos.<\/p>\n<p>Cuando se haya completado el servicio, junto con los pagos pendientes, eliminaremos inmediatamente los datos personales.<\/p>\t\t\t\t\t\t\t\t<\/div>\n\t\t\t\t<div class=\"elementor-element elementor-element-6f2818f elementor-widget elementor-widget-heading\" data-id=\"6f2818f\" data-element_type=\"widget\" data-widget_type=\"heading.default\">\n\t\t\t\t\t<h3 class=\"elementor-heading-title elementor-size-default\">BOLET\u00cdN INFORMATIVO<\/h3>\t\t\t\t<\/div>\n\t\t\t\t<div class=\"elementor-element elementor-element-8cfb997 elementor-widget elementor-widget-text-editor\" data-id=\"8cfb997\" data-element_type=\"widget\" data-widget_type=\"text-editor.default\">\n\t\t\t\t\t\t\t\t\t<p>Tenemos un bolet\u00edn al que es voluntario suscribirse, y siempre es posible darse de baja.<\/p>\n<p>El bolet\u00edn tiene como finalidad el env\u00edo de novedades de la empresa, pudiendo tratarse de nuevos contenidos de la web o publicidad de nuestros servicios.<\/p>\n<p>Solo le enviaremos correos electr\u00f3nicos si ha dado su consentimiento activo para ello. Esto requiere que ingrese su direcci\u00f3n de correo electr\u00f3nico en primera instancia, a la que posteriormente le enviaremos un correo electr\u00f3nico para que pueda confirmar el registro. De esta forma, nos aseguramos de que usted mismo se haya suscrito al bolet\u00edn informativo, es decir, que haya dado su consentimiento en una clara acci\u00f3n afirmativa.<\/p>\n<p>Nuestra base legal para tratar sus datos en relaci\u00f3n con el bolet\u00edn informativo es el Art\u00edculo 6 (1) (a) del Reglamento General de Protecci\u00f3n de Datos. Trataremos su informaci\u00f3n personal mientras est\u00e9 suscrito al bolet\u00edn.<\/p>\n<p>Dejaremos de enviarle esto al darse de baja del bolet\u00edn. Si no le hemos enviado un bolet\u00edn durante un a\u00f1o, su consentimiento caducar\u00e1 debido a nuestra inacci\u00f3n.<\/p>\t\t\t\t\t\t\t\t<\/div>\n\t\t\t\t<div class=\"elementor-element elementor-element-d34764e elementor-widget elementor-widget-heading\" data-id=\"d34764e\" data-element_type=\"widget\" data-widget_type=\"heading.default\">\n\t\t\t\t\t<h3 class=\"elementor-heading-title elementor-size-default\">CONTABILIDAD<\/h3>\t\t\t\t<\/div>\n\t\t\t\t<div class=\"elementor-element elementor-element-ba02287 elementor-widget elementor-widget-text-editor\" data-id=\"ba02287\" data-element_type=\"widget\" data-widget_type=\"text-editor.default\">\n\t\t\t\t\t\t\t\t\t<p>Almacenamos facturas y documentos similares con fines contables, incluida la informaci\u00f3n personal general, como el nombre, la direcci\u00f3n y la descripci\u00f3n del servicio.<\/p>\n<p>Debemos guardar todos los documentos contables del cumplimiento de las leyes contables. La base legal para el tratamiento de datos personales con fines contables es el art\u00edculo 6 (1) (d) del Reglamento General de Protecci\u00f3n de Datos.<\/p>\n<p>Almacenamos esta informaci\u00f3n durante un m\u00ednimo de 5 a\u00f1os despu\u00e9s del final del a\u00f1o fiscal en curso.<\/p>\t\t\t\t\t\t\t\t<\/div>\n\t\t\t\t<div class=\"elementor-element elementor-element-1f8c767 elementor-widget elementor-widget-heading\" data-id=\"1f8c767\" data-element_type=\"widget\" data-widget_type=\"heading.default\">\n\t\t\t\t\t<h3 class=\"elementor-heading-title elementor-size-default\">SOLICITANTES DE EMPLEO<\/h3>\t\t\t\t<\/div>\n\t\t\t\t<div class=\"elementor-element elementor-element-9b758b4 elementor-widget elementor-widget-text-editor\" data-id=\"9b758b4\" data-element_type=\"widget\" data-widget_type=\"text-editor.default\">\n\t\t\t\t\t\t\t\t\t<p>Damos la bienvenida a las solicitudes de empleo para evaluar si los solicitantes coinciden con una necesidad de contrataci\u00f3n en nuestra empresa.<\/p>\n<p>Supongamos que nos env\u00eda su solicitud de empleo. En ese caso, nuestra base jur\u00eddica para tratar sus datos es la siguiente: art\u00edculo 6, apartado 1, letra f) del Reglamento general de protecci\u00f3n de datos.<\/p>\n<p>Evaluaremos de inmediato las solicitudes no solicitadas para ver si se ajustan a las necesidades de empleo actuales. Eliminaremos su informaci\u00f3n nuevamente si no hay ninguna coincidencia.<\/p>\n<p>Si solicit\u00f3 un puesto vacante, descartar\u00edamos su solicitud si no es contratado e inmediatamente despu\u00e9s de encontrar al candidato adecuado para el puesto. Suponga que usted es parte de un proceso de reclutamiento y lo contratan para el trabajo. En ese caso, le proporcionaremos informaci\u00f3n separada sobre c\u00f3mo tratamos sus datos en este sentido.<\/p>\t\t\t\t\t\t\t\t<\/div>\n\t\t\t\t<div class=\"elementor-element elementor-element-d80b21e elementor-widget elementor-widget-heading\" data-id=\"d80b21e\" data-element_type=\"widget\" data-widget_type=\"heading.default\">\n\t\t\t\t\t<h3 class=\"elementor-heading-title elementor-size-default\">ENCARGADO DEL TRATAMIENTO<\/h3>\t\t\t\t<\/div>\n\t\t\t\t<div class=\"elementor-element elementor-element-c98c2e8 elementor-widget elementor-widget-text-editor\" data-id=\"c98c2e8\" data-element_type=\"widget\" data-widget_type=\"text-editor.default\">\n\t\t\t\t\t\t\t\t\t<p>Pocos pueden manejar todo por s\u00ed mismos, y lo mismo ocurre con nosotros. Por lo tanto, cooperamos con socios comerciales y proveedores, y algunos de los cuales pueden ser procesadores de datos. Los proveedores externos pueden, por ejemplo, proporcionar software utilizado para organizar nuestro trabajo, servicios, consultor\u00eda, alojamiento de TI o marketing.<\/p>\n<p>Es nuestra responsabilidad asegurarnos de que su informaci\u00f3n personal se procese correctamente. Por eso exigimos mucho a nuestros socios.<\/p>\n<p>Nuestros socios deben garantizar que su informaci\u00f3n personal est\u00e9 protegida. Celebramos acuerdos con los encargados del tratamiento de datos que manejan informaci\u00f3n personal en nuestro nombre para aumentar la seguridad de su informaci\u00f3n personal.<\/p>\t\t\t\t\t\t\t\t<\/div>\n\t\t\t\t<div class=\"elementor-element elementor-element-653c55a elementor-widget elementor-widget-heading\" data-id=\"653c55a\" data-element_type=\"widget\" data-widget_type=\"heading.default\">\n\t\t\t\t\t<h3 class=\"elementor-heading-title elementor-size-default\">DIVULGACI\u00d3N DE INFORMACI\u00d3N PERSONAL Y ELABORACI\u00d3N DE PERFILES<\/h3>\t\t\t\t<\/div>\n\t\t\t\t<div class=\"elementor-element elementor-element-c113f14 elementor-widget elementor-widget-text-editor\" data-id=\"c113f14\" data-element_type=\"widget\" data-widget_type=\"text-editor.default\">\n\t\t\t\t\t\t\t\t\t<p>No divulgamos su informaci\u00f3n personal a terceros, ni elaboramos perfiles ni tomamos decisiones automatizadas.<\/p>\t\t\t\t\t\t\t\t<\/div>\n\t\t\t\t<div class=\"elementor-element elementor-element-1dba568 elementor-widget elementor-widget-heading\" data-id=\"1dba568\" data-element_type=\"widget\" data-widget_type=\"heading.default\">\n\t\t\t\t\t<h3 class=\"elementor-heading-title elementor-size-default\">TRANSFERENCIAS A TERCEROS PA\u00cdSES<\/h3>\t\t\t\t<\/div>\n\t\t\t\t<div class=\"elementor-element elementor-element-fa224f9 elementor-widget elementor-widget-text-editor\" data-id=\"fa224f9\" data-element_type=\"widget\" data-widget_type=\"text-editor.default\">\n\t\t\t\t\t\t\t\t\t<p>Utilizamos principalmente encargados del tratamiento en la UE\/EEE o encargados del tratamiento que almacenan datos en la UE\/EEE. Esto no es posible en algunos casos, y se utilizan encargados del tratamiento fuera de la UE\/EEE, pero solo si estos pueden brindarle a sus datos la protecci\u00f3n adecuada.<\/p>\t\t\t\t\t\t\t\t<\/div>\n\t\t\t\t<div class=\"elementor-element elementor-element-7f28993 elementor-widget elementor-widget-heading\" data-id=\"7f28993\" data-element_type=\"widget\" data-widget_type=\"heading.default\">\n\t\t\t\t\t<h3 class=\"elementor-heading-title elementor-size-default\">MEDIDAS DE SEGURIDAD<\/h3>\t\t\t\t<\/div>\n\t\t\t\t<div class=\"elementor-element elementor-element-4e9d5df elementor-widget elementor-widget-text-editor\" data-id=\"4e9d5df\" data-element_type=\"widget\" data-widget_type=\"text-editor.default\">\n\t\t\t\t\t\t\t\t\t<p>Mantenemos el tratamiento de datos personales seguro al garantizar las medidas t\u00e9cnicas y organizativas necesarias. Hemos realizado evaluaciones de riesgo de nuestro tratamiento de datos personales.<\/p>\n<p>Posteriormente, hemos introducido medidas de seguridad t\u00e9cnicas y organizativas apropiadas para aumentar la seguridad del tratamiento. Una de nuestras medidas m\u00e1s importantes es mantener a nuestros empleados actualizados sobre el RGPD y la seguridad inform\u00e1tica mediante una formaci\u00f3n continua de concienciaci\u00f3n sobre la seguridad, cursos sobre el RGPD y la revisi\u00f3n de nuestros procedimientos de RGPD con los empleados.<\/p>\t\t\t\t\t\t\t\t<\/div>\n\t\t\t\t<div class=\"elementor-element elementor-element-5d3ec7f elementor-widget elementor-widget-heading\" data-id=\"5d3ec7f\" data-element_type=\"widget\" data-widget_type=\"heading.default\">\n\t\t\t\t\t<h3 class=\"elementor-heading-title elementor-size-default\">DERECHOS DEL INTERESADO<\/h3>\t\t\t\t<\/div>\n\t\t\t\t<div class=\"elementor-element elementor-element-d720d1d elementor-widget elementor-widget-text-editor\" data-id=\"d720d1d\" data-element_type=\"widget\" data-widget_type=\"text-editor.default\">\n\t\t\t\t\t\t\t\t\t<p>De acuerdo con el Reglamento General de Protecci\u00f3n de Datos, tiene varios derechos con respecto al tratamiento de sus datos. Si quiere hacer uso de sus derechos, no dude en ponerse en contacto con nosotros para que podamos ayudarle.<\/p>\n<ul>\n<li>Tiene derecho a acceder a la informaci\u00f3n que tratamos sobre usted.<\/li>\n<li>Tiene derecho a que se corrija la informaci\u00f3n incorrecta sobre usted.\u00a0<\/li>\n<li>En determinadas circunstancias, tiene derecho a que se elimine su informaci\u00f3n antes de que se produzca nuestra eliminaci\u00f3n general.<\/li>\n<li>En algunos casos, tiene derecho a que se restrinja el tratamiento de sus datos. Solo podemos seguir tratando su informaci\u00f3n con su consentimiento o si tenemos un inter\u00e9s leg\u00edtimo cuando esto ocurra. Todav\u00eda podemos almacenar sus datos.<\/li>\n<li>En algunos casos, tiene derecho a oponerse a nuestro tratamiento legal de sus datos. Tambi\u00e9n puede oponerse al tratamiento de su informaci\u00f3n para marketing directo.<\/li>\n<li>Tiene derecho a recibir una copia de su informaci\u00f3n personal en un formato estructurado, de uso com\u00fan y legible por m\u00e1quina y a que esta informaci\u00f3n personal se transfiera de un responsable del tratamiento a otro sin obst\u00e1culos.<\/li>\n<li>Cuando nuestro tratamiento de sus datos se basa en su consentimiento, tiene derecho a retirar su consentimiento.<\/li>\n<li>Tiene derecho a presentar una reclamaci\u00f3n ante la Agencia de Protecci\u00f3n de Datos si no est\u00e1 satisfecho con el tratamiento que hacemos de sus datos. En general, lo alentamos a que lea m\u00e1s sobre el RGPD para estar actualizado sobre las reglas.<\/li>\n<\/ul>\t\t\t\t\t\t\t\t<\/div>\n\t\t\t\t\t<\/div>\n\t\t\t\t<\/div>\n\t\t\t\t<\/div>","protected":false},"excerpt":{"rendered":"<p>POL\u00cdTICA DE PRIVACIDAD 1. RESPONSABLES DEL TRATAMIENTO Somos responsables del tratamiento ya que tratamos los datos personales de nuestros clientes y socios. A continuaci\u00f3n encontrar\u00e1 nuestra informaci\u00f3n de contacto. BERMATIER GESTI\u00d3N, S.L. Pasaje Maestros Ladrilleros, n.\u00ba 1, 28039, Madrid N\u00famero de identificaci\u00f3n comercial: B88311790 Si tiene preguntas sobre el tratamiento de sus datos, puede contactarnos [&hellip;]<\/p>","protected":false},"author":1,"featured_media":0,"parent":0,"menu_order":5,"comment_status":"closed","ping_status":"closed","template":"","meta":{"footnotes":""},"class_list":["post-3","page","type-page","status-publish","hentry"],"yoast_head":"<!-- This site is optimized with the Yoast SEO plugin v26.1.1 - https:\/\/yoast.com\/wordpress\/plugins\/seo\/ -->\n<title>Pol\u00edtica de privacidad - Grupo Bermatier<\/title>\n<meta name=\"description\" content=\"Construcciones y promociones inmobiliarias de calidad y de dise\u00f1os \u00fanicos, maximizando la rentabilidad y el valor de cada activo.\" \/>\n<meta name=\"robots\" content=\"noindex, follow\" \/>\n<meta property=\"og:locale\" content=\"en_US\" \/>\n<meta property=\"og:type\" content=\"article\" \/>\n<meta property=\"og:title\" content=\"Pol\u00edtica de privacidad - Grupo Bermatier\" \/>\n<meta property=\"og:description\" content=\"Construcciones y promociones inmobiliarias de calidad y de dise\u00f1os \u00fanicos, maximizando la rentabilidad y el valor de cada activo.\" \/>\n<meta property=\"og:url\" content=\"https:\/\/grupobermatier.es\/en\/politica-de-privacidad\/\" \/>\n<meta property=\"og:site_name\" content=\"Grupo Bermatier\" \/>\n<meta property=\"article:modified_time\" content=\"2025-09-12T14:31:31+00:00\" \/>\n<meta property=\"og:image\" content=\"https:\/\/grupobermatier.es\/wp-content\/uploads\/2025\/08\/logo-secundario-grupo-bermatier-burdeos@2x.png\" \/>\n\t<meta property=\"og:image:width\" content=\"500\" \/>\n\t<meta property=\"og:image:height\" content=\"332\" \/>\n\t<meta property=\"og:image:type\" content=\"image\/png\" \/>\n<meta name=\"twitter:card\" content=\"summary_large_image\" \/>\n<meta name=\"twitter:label1\" content=\"Est. reading time\" \/>\n\t<meta name=\"twitter:data1\" content=\"6 minutes\" \/>\n<script type=\"application\/ld+json\" class=\"yoast-schema-graph\">{\"@context\":\"https:\/\/schema.org\",\"@graph\":[{\"@type\":\"WebPage\",\"@id\":\"https:\/\/grupobermatier.es\/en\/politica-de-privacidad\/\",\"url\":\"https:\/\/grupobermatier.es\/en\/politica-de-privacidad\/\",\"name\":\"Pol\u00edtica de privacidad - Grupo Bermatier\",\"isPartOf\":{\"@id\":\"https:\/\/grupobermatier.es\/#website\"},\"datePublished\":\"2025-08-27T09:07:15+00:00\",\"dateModified\":\"2025-09-12T14:31:31+00:00\",\"description\":\"Construcciones y promociones inmobiliarias de calidad y de dise\u00f1os \u00fanicos, maximizando la rentabilidad y el valor de cada activo.\",\"breadcrumb\":{\"@id\":\"https:\/\/grupobermatier.es\/en\/politica-de-privacidad\/#breadcrumb\"},\"inLanguage\":\"en-US\",\"potentialAction\":[{\"@type\":\"ReadAction\",\"target\":[\"https:\/\/grupobermatier.es\/en\/politica-de-privacidad\/\"]}]},{\"@type\":\"BreadcrumbList\",\"@id\":\"https:\/\/grupobermatier.es\/en\/politica-de-privacidad\/#breadcrumb\",\"itemListElement\":[{\"@type\":\"ListItem\",\"position\":1,\"name\":\"Portada\",\"item\":\"https:\/\/grupobermatier.es\/\"},{\"@type\":\"ListItem\",\"position\":2,\"name\":\"Pol\u00edtica de privacidad\"}]},{\"@type\":\"WebSite\",\"@id\":\"https:\/\/grupobermatier.es\/#website\",\"url\":\"https:\/\/grupobermatier.es\/\",\"name\":\"Grupo Bermatier\",\"description\":\"Construcciones y promociones inmobiliarias\",\"publisher\":{\"@id\":\"https:\/\/grupobermatier.es\/#organization\"},\"potentialAction\":[{\"@type\":\"SearchAction\",\"target\":{\"@type\":\"EntryPoint\",\"urlTemplate\":\"https:\/\/grupobermatier.es\/?s={search_term_string}\"},\"query-input\":{\"@type\":\"PropertyValueSpecification\",\"valueRequired\":true,\"valueName\":\"search_term_string\"}}],\"inLanguage\":\"en-US\"},{\"@type\":\"Organization\",\"@id\":\"https:\/\/grupobermatier.es\/#organization\",\"name\":\"Grupo Bermatier\",\"url\":\"https:\/\/grupobermatier.es\/\",\"logo\":{\"@type\":\"ImageObject\",\"inLanguage\":\"en-US\",\"@id\":\"https:\/\/grupobermatier.es\/#\/schema\/logo\/image\/\",\"url\":\"https:\/\/grupobermatier.es\/wp-content\/uploads\/2025\/08\/logo-secundario-grupo-bermatier-burdeos@2x.png\",\"contentUrl\":\"https:\/\/grupobermatier.es\/wp-content\/uploads\/2025\/08\/logo-secundario-grupo-bermatier-burdeos@2x.png\",\"width\":500,\"height\":332,\"caption\":\"Grupo Bermatier\"},\"image\":{\"@id\":\"https:\/\/grupobermatier.es\/#\/schema\/logo\/image\/\"}}]}<\/script>\n<!-- \/ Yoast SEO plugin. -->","yoast_head_json":{"title":"Pol\u00edtica de privacidad - Grupo Bermatier","description":"Construcciones y promociones inmobiliarias de calidad y de dise\u00f1os \u00fanicos, maximizando la rentabilidad y el valor de cada activo.","robots":{"index":"noindex","follow":"follow"},"og_locale":"en_US","og_type":"article","og_title":"Pol\u00edtica de privacidad - Grupo Bermatier","og_description":"Construcciones y promociones inmobiliarias de calidad y de dise\u00f1os \u00fanicos, maximizando la rentabilidad y el valor de cada activo.","og_url":"https:\/\/grupobermatier.es\/en\/politica-de-privacidad\/","og_site_name":"Grupo Bermatier","article_modified_time":"2025-09-12T14:31:31+00:00","og_image":[{"width":500,"height":332,"url":"https:\/\/grupobermatier.es\/wp-content\/uploads\/2025\/08\/logo-secundario-grupo-bermatier-burdeos@2x.png","type":"image\/png"}],"twitter_card":"summary_large_image","twitter_misc":{"Est. reading time":"6 minutes"},"schema":{"@context":"https:\/\/schema.org","@graph":[{"@type":"WebPage","@id":"https:\/\/grupobermatier.es\/en\/politica-de-privacidad\/","url":"https:\/\/grupobermatier.es\/en\/politica-de-privacidad\/","name":"Pol\u00edtica de privacidad - Grupo Bermatier","isPartOf":{"@id":"https:\/\/grupobermatier.es\/#website"},"datePublished":"2025-08-27T09:07:15+00:00","dateModified":"2025-09-12T14:31:31+00:00","description":"Construcciones y promociones inmobiliarias de calidad y de dise\u00f1os \u00fanicos, maximizando la rentabilidad y el valor de cada activo.","breadcrumb":{"@id":"https:\/\/grupobermatier.es\/en\/politica-de-privacidad\/#breadcrumb"},"inLanguage":"en-US","potentialAction":[{"@type":"ReadAction","target":["https:\/\/grupobermatier.es\/en\/politica-de-privacidad\/"]}]},{"@type":"BreadcrumbList","@id":"https:\/\/grupobermatier.es\/en\/politica-de-privacidad\/#breadcrumb","itemListElement":[{"@type":"ListItem","position":1,"name":"Portada","item":"https:\/\/grupobermatier.es\/"},{"@type":"ListItem","position":2,"name":"Pol\u00edtica de privacidad"}]},{"@type":"WebSite","@id":"https:\/\/grupobermatier.es\/#website","url":"https:\/\/grupobermatier.es\/","name":"Grupo Bermatier","description":"Construcciones y promociones inmobiliarias","publisher":{"@id":"https:\/\/grupobermatier.es\/#organization"},"potentialAction":[{"@type":"SearchAction","target":{"@type":"EntryPoint","urlTemplate":"https:\/\/grupobermatier.es\/?s={search_term_string}"},"query-input":{"@type":"PropertyValueSpecification","valueRequired":true,"valueName":"search_term_string"}}],"inLanguage":"en-US"},{"@type":"Organization","@id":"https:\/\/grupobermatier.es\/#organization","name":"Grupo Bermatier","url":"https:\/\/grupobermatier.es\/","logo":{"@type":"ImageObject","inLanguage":"en-US","@id":"https:\/\/grupobermatier.es\/#\/schema\/logo\/image\/","url":"https:\/\/grupobermatier.es\/wp-content\/uploads\/2025\/08\/logo-secundario-grupo-bermatier-burdeos@2x.png","contentUrl":"https:\/\/grupobermatier.es\/wp-content\/uploads\/2025\/08\/logo-secundario-grupo-bermatier-burdeos@2x.png","width":500,"height":332,"caption":"Grupo Bermatier"},"image":{"@id":"https:\/\/grupobermatier.es\/#\/schema\/logo\/image\/"}}]}},"_links":{"self":[{"href":"https:\/\/grupobermatier.es\/en\/wp-json\/wp\/v2\/pages\/3","targetHints":{"allow":["GET"]}}],"collection":[{"href":"https:\/\/grupobermatier.es\/en\/wp-json\/wp\/v2\/pages"}],"about":[{"href":"https:\/\/grupobermatier.es\/en\/wp-json\/wp\/v2\/types\/page"}],"author":[{"embeddable":true,"href":"https:\/\/grupobermatier.es\/en\/wp-json\/wp\/v2\/users\/1"}],"replies":[{"embeddable":true,"href":"https:\/\/grupobermatier.es\/en\/wp-json\/wp\/v2\/comments?post=3"}],"version-history":[{"count":33,"href":"https:\/\/grupobermatier.es\/en\/wp-json\/wp\/v2\/pages\/3\/revisions"}],"predecessor-version":[{"id":2347,"href":"https:\/\/grupobermatier.es\/en\/wp-json\/wp\/v2\/pages\/3\/revisions\/2347"}],"wp:attachment":[{"href":"https:\/\/grupobermatier.es\/en\/wp-json\/wp\/v2\/media?parent=3"}],"curies":[{"name":"wp","href":"https:\/\/api.w.org\/{rel}","templated":true}]}}